{"id":1639,"date":"2017-08-26T18:38:52","date_gmt":"2017-08-26T16:38:52","guid":{"rendered":"http:\/\/schlagenhauf-ceramique.com\/?page_id=1639"},"modified":"2020-03-07T16:50:44","modified_gmt":"2020-03-07T15:50:44","slug":"chemin-de-terre","status":"publish","type":"page","link":"https:\/\/schlagenhauf-ceramique.com\/en\/chemin-de-terre\/","title":{"rendered":"Path of clay"},"content":{"rendered":"<section class=\"fw-main-row\"  >\n\t<div class=\"fw-container\">\n\t\t<div class=\"fw-row\">\n\t<div class=\"fw-col-xs-12\">\n\tThe ceramist Daniela Schlagenhauf opens the exhibition space in her workshop where, since the 80s, she gives life to her own <em>path of clay,<\/em>fed by literature and writing. Internationally recognized for its unique pieces combining mixed clays and ancient alphabets, today, she surprises us with its porcelain sculptures which, defying the material and the laws of gravity, trace the void and choreograph space. At the same time, since 2009, she has adopted the theme \"Resonance\" in a conceptual journey that goes beyond the beauty of the work, where the pieces are similar to the rhythmic elements of repetitive music.<br \/>\nThe earth, <em>archaic matter;<\/em> the look, <em>resolutely contemporary.<\/em>. <a href=\"http:\/\/schlagenhauf-ceramique.com\/biographie\/\">More informations<\/a><\/div>\n<\/div>\n\n\t<\/div>\n<\/section>","protected":false},"excerpt":{"rendered":"<p>La c\u00e9ramiste Daniela Schlagenhauf vous ouvre l\u2019espace d\u2019exposition am\u00e9nag\u00e9 \u00e0 son atelier o\u00f9, depuis les ann\u00e9es 80, elle donne vie \u00e0 son propre chemin de terre, nourri de litt\u00e9rature et d\u2019\u00e9criture. Reconnue internationalement pour ses pi\u00e8ces uniques alliant terres m\u00e9lang\u00e9es et alphabets anciens, aujourd\u2019hui, elle vous surprend avec ses sculptures en porcelaine qui, d\u00e9fiant la\u2026 <a title=\"Path of clay\" href=\"https:\/\/schlagenhauf-ceramique.com\/en\/chemin-de-terre\/\">Lire la suite \u00bb<\/a><\/p>","protected":false},"author":3,"featured_media":0,"parent":0,"menu_order":0,"comment_status":"closed","ping_status":"closed","template":"","meta":[],"brizy_media":[],"_links":{"self":[{"href":"https:\/\/schlagenhauf-ceramique.com\/en\/wp-json\/wp\/v2\/pages\/1639"}],"collection":[{"href":"https:\/\/schlagenhauf-ceramique.com\/en\/wp-json\/wp\/v2\/pages"}],"about":[{"href":"https:\/\/schlagenhauf-ceramique.com\/en\/wp-json\/wp\/v2\/types\/page"}],"author":[{"embeddable":true,"href":"https:\/\/schlagenhauf-ceramique.com\/en\/wp-json\/wp\/v2\/users\/3"}],"replies":[{"embeddable":true,"href":"https:\/\/schlagenhauf-ceramique.com\/en\/wp-json\/wp\/v2\/comments?post=1639"}],"version-history":[{"count":10,"href":"https:\/\/schlagenhauf-ceramique.com\/en\/wp-json\/wp\/v2\/pages\/1639\/revisions"}],"predecessor-version":[{"id":2830,"href":"https:\/\/schlagenhauf-ceramique.com\/en\/wp-json\/wp\/v2\/pages\/1639\/revisions\/2830"}],"wp:attachment":[{"href":"https:\/\/schlagenhauf-ceramique.com\/en\/wp-json\/wp\/v2\/media?parent=1639"}],"curies":[{"name":"wp","href":"https:\/\/api.w.org\/{rel}","templated":true}]}}