{"id":1703,"date":"2017-08-27T08:49:12","date_gmt":"2017-08-27T06:49:12","guid":{"rendered":"http:\/\/schlagenhauf-ceramique.com\/?page_id=1703"},"modified":"2020-09-11T10:50:55","modified_gmt":"2020-09-11T08:50:55","slug":"biographie","status":"publish","type":"page","link":"https:\/\/schlagenhauf-ceramique.com\/en\/biographie\/","title":{"rendered":"Biography"},"content":{"rendered":"<p><img loading=\"lazy\" src=\"http:\/\/schlagenhauf-ceramique.com\/wp-content\/uploads\/2017\/08\/portrait-low-def-e1506765587931-200x300.jpg\" alt=\"http:\/\/schlagenhauf-ceramique.com\/wp-content\/uploads\/2017\/08\/portrait-low-def-e1506765587931-200x300.jpg\" width=\"200\" height=\"300\" \/><\/p>\n<p>Daniela SCHLAGENHAUF<\/p>\n<p>N\u00e9e en 1957, Niederlenz, Suisse<\/p>\n<p>Nationalit\u00e9s : fran\u00e7aise et suisse<\/p>\n<p>1977-1980 Travail de la terre dans les at\u00e9liers de : Jean Linard, Claire Berger, Claude Champy<\/p>\n<p>1980 Ouverture d&rsquo;un atelier de c\u00e9ramique dans le Cantal<\/p>\n<p>Membre d&rsquo;<a href=\"https:\/\/www.ateliersdart.com\/\">Ateliers d&rsquo;Art de France<\/a> (AAF)<\/p>\n<p>depuis 2019 membre de l&rsquo;<a href=\"http:\/\/aic-iac.org\">AIC-IAC<\/a> : ACAD\u00c9MIE INTERNATIONALE<br \/>\nDE LA C\u00c9RAMIQUE<\/p>\n<p><strong>R\u00e9sidences d&rsquo;artiste<\/strong><\/p>\n<p>2019: <a href=\"http:\/\/www.shangyuceladon.com\/en\/profile.aspx\">Shangyu Celadon Ceramics Art Center<\/a>, Shangyu, Chine<\/p>\n<p>2017 : New Taipei City Yingge Ceramics Museum, Ta\u00efwan.<\/p>\n<p>2015 : San Diego, Californie, USA.<\/p>\n<p>2011 : Symposium international de c\u00e9ramique, R\u00f6mhild, Allemagne.<\/p>\n<p><strong>Collections publiques<\/strong><\/p>\n<p><a href=\"https:\/\/www.aic-iac.org\/member\/beijing-guozhong-ceramics-museum\/\">Guozhong Ceramic Art Museum<\/a>, P\u00e9kin, Chine<\/p>\n<p>Shangyu Museum Modern Ceramic Art Museum, Shaoxing City, Chine<\/p>\n<p><a href=\"https:\/\/www.tsinghua.edu.cn\/en\/Campus\/Museum.htm\">Tsinghua University Art Museum<\/a>, P\u00e9kin, Chine<\/p>\n<p><a href=\"https:\/\/en.ceramics.ntpc.gov.tw\/\">New Taipei City Yingge Ceramics Museum<\/a>, Ta\u00efwan<\/p>\n<p><a href=\"https:\/\/www.yorkmuseumstrust.org.uk\/\">York Museums Trust<\/a>, York, Royaume-Uni<\/p>\n<p>Mus\u00e9e Bernard Palissy, Saint Avit, France : <a class=\"linkification-ext\" title=\"Linkification: http:\/\/www.museepalissy.net\" href=\"http:\/\/www.museepalissy.net\">www.museepalissy.net<\/a><\/p>\n<p>Museum Schloss Gl\u00fccksburg R\u00f6hmild, Allemagne : <a class=\"linkification-ext\" title=\"Linkification: http:\/\/www.keramiksymposium-roemhild.de\" href=\"http:\/\/www.keramiksymposium-roemhild.de\">www.keramiksymposium-roemhild.de<\/a><\/p>\n<p>Mus\u00e9e La Piscine, Roubaix : <a class=\"linkification-ext\" title=\"Linkification: http:\/\/www.roubaix-lapiscine.com\/\" href=\"http:\/\/www.roubaix-lapiscine.com\/\">http:\/\/www.roubaix-lapiscine.com\/<\/a>.<\/p>\n<p>Mus\u00e9e de Melun : <a class=\"linkification-ext\" title=\"Linkification: http:\/\/www.amismusee-melun.com\/\" href=\"http:\/\/www.amismusee-melun.com\/\">http:\/\/www.amismusee-melun.com\/<\/a>.<\/p>\n<p>Archives d\u00e9partementales de Seine-et-Marne, Melun : <a class=\"linkification-ext\" title=\"Linkification: http:\/\/archives.seine-et-marne.fr\/transmissions\" href=\"http:\/\/archives.seine-et-marne.fr\/transmissions\">http:\/\/archives.seine-et-marne.fr\/transmissions<\/a>.<\/p>\n<p>Mus\u00e9e de Sens.<\/p>\n<p><strong>Collection priv\u00e9e<\/strong><\/p>\n<p>Collection Charles-Adrien Bu\u00e9no<\/p>\n<p>Collection Bernard Bachelier<\/p>\n<p><strong>Prix<\/strong><\/p>\n<p>2013 : Prix Bernard Palissy.<\/p>\n<p>2011 : 1er prix du Jury, Salon Contrastes \u00e0 Roubaix.<\/p>\n<p>2010 : 2\u00e8me prix du Jury, March\u00e9 de Potiers \u00ab\u00a0Les Tupiniers du Vieux Lyon\u00a0\u00bb.<\/p>\n<p>Prix des visiteurs, March\u00e9 de Potiers de Saint-Avit.<\/p>\n<p>2009 : 1er prix du Jury, Salon C\u00e9ramique 14, Paris.<\/p>\n<p><strong>Expositions :<\/strong><\/p>\n<p>2019 <a href=\"https:\/\/galerie21-toulouse.fr\/\">Galerie 21<\/a>, Toulouse, France \/ Galerie \u00ab <a href=\"https:\/\/www.fabrikagarazi.com\/\">Fabrika Garazi<\/a> \u00bb Saint Jean Pied de Port, France \/ <a href=\"https:\/\/www.lesjoursdelumiere.com\/\">Festival d\u2019Art Contemporain et de Spiritualit\u00e9 en Auvergne<\/a>, Saint Saturnin, France \/ Galerie \u00ab <a href=\"https:\/\/www.galerieracontarts.com\/\">Racont\u2019Arts<\/a> \u00bb Lyon, France \/ Maison Gramont, Fanjeaux, France<\/p>\n<p>2018 \u00ab\u00a0Suspended Time VI\u00a0\u00bb expos\u00e9e au <a href=\"http:\/\/www.artmuseum.tsinghua.edu.cn\/en\/\">Tsinghua University Art Museum<\/a> [CHINE &#8211; PEKIN] \/\u00a0<a href=\"http:\/\/www.galerie-terraviva.com\/Accueil.html\">Galerie Terra Viva<\/a>, St Quentin la PoterieExposition \u00ab\u00a0Arts et Culture\u00a0\u00bb \/\u00a0<a href=\"http:\/\/www.fanjeaux.info\/GALERIE_PHOTOS_WEB\/FR\/PAGE_Accueil.awp\">maison Gramont<\/a> \u00e0 FanjeauxExposition \u00ab\u00a0Entrelacs\u00a0\u00bb \/ <a href=\"https:\/\/www.centre-ceramique-giroussens.com\/\">Centre C\u00e9ramique<\/a>, Giroussens<\/p>\n<p>2016<a href=\"http:\/\/artpointsdevue.com\/\"> Espace Points de Vue<\/a>, Lauzerte \/\u00a0<a href=\"https:\/\/www.facebook.com\/galerieartskad\/\">Galerie Arts&rsquo;Kad<\/a>, Auvillar<\/p>\n<p>2015 Exposition \u00ab D&rsquo;un continent \u00e0 l&rsquo;autre \u00bb, Gallery 21, San Diego, USA \/ Gallery Show, Sergott Contemporary Art Alliance, Rancho Santa Fe CA, USA \/ Exposition personnelle \u00e0 l&rsquo;ancienne poterie de Gradignan, <a href=\"http:\/\/www.poterie-gradignan.org\/\">Association Terre d&rsquo;art et d&rsquo;argile<\/a>, 92 chemin de la poterie, 33170 Gradignan \/ Exposition personnelle, <a href=\"http:\/\/www.lafabrik15.wix.com\">Lababrik<\/a>, 1, rue Chazerat, 15000 Aurillac<\/p>\n<p>2014 Exposition \u00e0 la <a href=\"http:\/\/www.galeriequai56.fr\">Galerie Quai 56<\/a> au 56, Quai du Chatelet, Orl\u00e9ans \/ Exposition \u00e0 la <a href=\"http:\/\/www.galeriedelo.be\">Galerie de l&rsquo;\u00d4<\/a>, 56a, rue de l&rsquo;Eau, 1190 Forest, Belgique \/ Exposition \u00ab Schrift und Objekt \u00bb <a href=\"http:\/\/www.hwk-muenchen.de\/galerie\">Galerie Handwerk<\/a>, Max-Joseph-Strasse 4, 80333 M\u00fcnchen Allemagne. \/ \u00ab Corps \u00bb, <a href=\"http:\/\/www.museepalissy.net\">Mus\u00e9e Bernard-Palissy<\/a>, St-Avit, 47150 Lacapelle-Biron. \/ \u00ab + si affinit\u00e9s \u00bb, <a href=\"http:\/\/www.galeriecollection.fr\">Gallerie Collection<\/a>, <a href=\"https:\/\/www.ateliersdart.com\/\">Ateliers d&rsquo;Art de France<\/a>, Paris 3.<\/p>\n<p>2013 Mus\u00e9e de la ville de Weimar, Allemagne. \u00ab\u00a0KERAMIK SPRICHT VIELE SPRACHEN\u00a0\u00bb \/ exposition du symposium international de c\u00e9ramique de R\u00f6mhild \/ Exposition personnelle, Galerie Genevi\u00e8ve Godar, 15 Rue des Bouchers, Lille \/ Exposition personnelle, Galerie Argile Cr\u00e9ations, 5 rue des Chaussetiers , Clermont-Ferrand \/ Exposition de groupe, Chapelle des P\u00e9nitents, Falicon \/ Exposition de groupe, EtCeraTerra, Claire Arnaud, Lyon. etceraterra.free.fr \/ Exposition de groupe, Galerie pi kwadraat, Erpe, Belgique<\/p>\n<p>2012 Exposition personnelle, <a href=\"http:\/\/www.museummurten.ch\">Mus\u00e9e de Murten<\/a> &#8211; Morat en Suisse \/ Exposition personnelle, La Galerie en Glaise, 13 Rue St Pierre, 43000 Le Puy en Velay \/ Exposition personnelle, <a href=\"http:\/\/laborne.org\/\">Centre C\u00e9ramique Contemporaine<\/a>, La Borne \/ Panta Rhei, <a href=\"http:\/\/www.wasserschloss-klaffenbach.de\">Wasserschloss Klaffenbach<\/a> Chemnitz, Allemagne \/ Exposition des artistes en <a href=\"http:\/\/www.keramiksymposium-roemhild.de\">r\u00e9sidence \u00e0 R\u00f6hmild<\/a> en Ao\u00fbt-Septembre 2011, Museum Schloss Gl\u00fccksburg R\u00f6hmild, Allemagne \/ Galerie La Celestine, 5 Bis rue St. Paul, Paris IV \/ Histoire d&rsquo;argile, exposition durant le march\u00e9 de potiers du Meillonnas \/ Invit\u00e9e d&rsquo;honneur, exposition durant le march\u00e9 de potiers de Herbignac, Ch\u00e2teau de Ranrou\u00eat \/ C\u00e9ramique Contemporaine, <a href=\"http:\/\/www.biennaledelaceramique.be\/\">Biennale de la C\u00e9ramique 2012 Andenne<\/a>, Belgique,<\/p>\n<p>2011 Exposition personnelle, <a href=\"http:\/\/terres-d-aligre.over-blog.com\/\">Galerie Terres d&rsquo;Aligre<\/a>, 5 Rue de Prague, 75012 Paris. \/ <a href=\"http:\/\/lelavoirceramique.free.fr\/\">Galerie Le Lavoir<\/a>, 3 rue de Bi\u00e8vres, 92 140 CLAMART.\u00a0\u00bbTerre Papier\u00a0\u00bb \/ <a href=\"http:\/\/museepalissy.free.fr\/\">Mus\u00e9e Bernard Palissy<\/a>, 47150 Saint Avit.\u00a0\u00bbTendances\u00a0\u00bb \/ Les Ateliers <a href=\"http:\/\/www.galeriedelo.be\">galerie de L&rsquo;\u00d4<\/a>, Rue de L&rsquo;Eau, 56a &#8211; 1190 Forest, Belgique,<\/p>\n<p>2010 Le village d&rsquo;Artistes. Rablay sur Layon (49) \/\u00a0<a href=\"http:\/\/www.ateliersdart.com\">Galerie Collection<\/a>, 4 rue de Thorigny, 75003 Paris.<\/p>\n<p>2009 Galeira Desig(n), Andora la Vella, AndorreGalerie \/ Terra Viva, St Quentin la Poterie \/ Abbaye de Bouchemaine, pr\u00e8s d&rsquo;Angers<\/p>\n<p>2008 Espace bonnefoy, Toulouse \/ FranceEcomusee du Perche, 61130 St Cyr-la-rosiere, France \/ Galerie Septentrion, 59700, Marq-en-Baroeul, France \/ Galerie l&rsquo;anima, Deinze, Belgique \/ Galerie Pierre, 22 rue Debelleyme, 75003 Paris, France \/ Centre culturel de s\u00e8vres (92), France \/ invit\u00e9 d&rsquo;honneur aux march\u00e9s de potiers fran\u00e7ais de: Bonnieux(84), Herbignac(44) et Anduze(30) \/ Galerie La Celestine, 5 bis rue St Paul, Paris 4, France<\/p>\n<p>2007 Exposition de groupe Galerie Terra Viva, St.Quentin la Poterie, France \/ Galerie Adama, Bordeaux, France \/ Galerie Artis Factum, Bordeaux, France \/ Collection l&rsquo;Espace d&rsquo;exposition d&rsquo;Ateliers d&rsquo;Art de France, Paris, France<\/p>\n<p>2006 Galerie Terra Viva, St. Quentin la Poterie, France \/ Salon international de l&rsquo;Art, Marseille, France<\/p>\n<p>2005 Exposition de groupe, Rennes France<\/p>\n<p>2004 Exposition de groupe, Galerie Empreintes, Aydat , France \/ Galerie d&rsquo;un b\u00f4l \u00e0 l&rsquo;autre, Grenoble, France<\/p>\n<p>2003 Galerie Fusion, Toulouse, France<\/p>\n<p>2002 Galerie Artis Factum, Bordeaux, France \/ Exposition de groupe \u00ab\u00a0Porcelaine\u00a0\u00bb Expolain 2002, Lain, France \/ Radio Bleu, Clermont-Ferrand, France \/ Galerie Artco-Muzac, Clermont-Ferrand, France \/ Espace Saint-Jean,Prix du Jury 2001, Melun, France<\/p>\n<p>2001 \u00ab\u00a0Signes de Terre\u00a0\u00bb Galerie Terre et Traits, Lyon, France \/ \u00ab\u00a0Ecritures d&rsquo;Argile\u00a0\u00bb Maison de la C\u00e9ramique Contemporaine Giroussens, France<\/p>\n<p>2000 Selection\u00e9 Exposition d&rsquo;Art Contemporain, 7i\u00e8me Biennale de C\u00e9ramique, Andenne, Belgique<\/p>\n<p>1999 Galerie Empreintes, Aydat, France \/ Tour Saint Aubin, Angers, France<\/p>\n<p>1994 Galerie Art-Objet-Espace, Toulouse, France<\/p>\n<p>1993 Les Arts Verts, Saillac, France<\/p>\n<p>1992 Fecit, Aurillac, France \/ Heimatwerk, Aarau, Suisse<\/p>\n<p>1991 Galerie d&rsquo;Art des Portes Chanac, Tulle, France<\/p>\n<p>1990 Atelier Gourmand, Brive, France<\/p>\n<p>1989 Prix de la ville d&rsquo;Aurillac,Salon Artistique,Aurillac, France<\/p>\n<p>1987 Maison des Arts, Mauriac, France<\/p>\n<p>1984 Alemannenhaus, Walterswil, SuisseKulturm\u00fchle, L\u00fctzelfl\u00fch, Suisse<\/p>\n<p>1983 Alemannenhaus, Walterswil, Suisse<\/p>\n<p><strong>Bibliographie :<\/strong><\/p>\n<p>2020, M\u00e9tamorphoses Collection Bernard Bachelier 2, Ed. ISBN 978-2-956-7901-5<\/p>\n<p>2019, <a href=\"http:\/\/www.revue-ceramique-verre.com\">La revue de la c\u00e9ramique et du verre<\/a>, num\u00e9ro 225, mars\/avril<\/p>\n<p>Ceramics now, 2014<\/p>\n<p>Paperclay, Astrid S\u00e4nger &amp; Otakar Sliva, Verlag : Storchennest ISBN : 978-3-200-03202-6<\/p>\n<p>Paperclay &#8211; Art and Practice, Rosette Gault, Bloomsbury Publishers, London,<\/p>\n<p>2013 R\u00e9sonances, Daniela Schlagenhauf, \u00e9dition personnelle,<\/p>\n<p>2012 Lettering on ceramics, Mary WHITE, Ed. The american Ceramic society, p.66,<\/p>\n<p>2003 M\u00e9tiers d\u2019Art en Auvergne, Ed. Encyclop\u00e9dies du Voyage, Gallimard, p.111,<\/p>\n<p>Juin 2005 La <a href=\"http:\/\/www.revue-ceramique-verre.com\">Revue de la c\u00e9ramique et du verre<\/a>, num\u00e9ro 193<\/p>\n<p>novembre-d\u00e9cembre 2013.La <a href=\"http:\/\/www.revue-ceramique-verre.com\">Revue de la C\u00e9ramique et du Verre<\/a>, num\u00e9ro 155<\/p>\n<p>Juillet-Ao\u00fbt 2007, p50-51 Elle magazine-D\u00e9coration,<\/p>\n<p>Septembre 2010 : 2010sept_Elle_Decoration.pdfConnaissance des Arts magazine,<\/p>\n<p>Octobre 2010 : 2010oct_ Connaissance_des_arts.pdf<\/p>\n<p>La <a href=\"http:\/\/www.revue-ceramique-verre.com\">Revue de la C\u00e9ramique et du Verre<\/a>, Num\u00e9ro 178<\/p>\n<p>Mai-Juin 2011, p.71, p.74.<a href=\"http:\/\/www.ceramique.com\">Annuaire de la C\u00e9ramique<\/a><a href=\"http:\/\/www.lecoindesceramistes.fr\/\">Pierre Ducrocq<\/a><\/p>\n<p><!-- 5610481b8dc4977dce0f00c5ccfba56c --><\/p>\n","protected":false},"excerpt":{"rendered":"<p>Daniela SCHLAGENHAUF N\u00e9e en 1957, Niederlenz, Suisse Nationalit\u00e9s : fran\u00e7aise et suisse 1977-1980 Travail de la terre dans les at\u00e9liers de : Jean Linard, Claire Berger, Claude Champy 1980 Ouverture d&rsquo;un atelier de c\u00e9ramique dans le Cantal Membre d&rsquo;Ateliers d&rsquo;Art de France (AAF) depuis 2019 membre de l&rsquo;AIC-IAC : ACAD\u00c9MIE INTERNATIONALE DE LA C\u00c9RAMIQUE R\u00e9sidences\u2026 <a title=\"Biography\" href=\"https:\/\/schlagenhauf-ceramique.com\/en\/biographie\/\">Lire la suite \u00bb<\/a><\/p>","protected":false},"author":3,"featured_media":0,"parent":0,"menu_order":0,"comment_status":"closed","ping_status":"closed","template":"","meta":[],"brizy_media":[],"_links":{"self":[{"href":"https:\/\/schlagenhauf-ceramique.com\/en\/wp-json\/wp\/v2\/pages\/1703"}],"collection":[{"href":"https:\/\/schlagenhauf-ceramique.com\/en\/wp-json\/wp\/v2\/pages"}],"about":[{"href":"https:\/\/schlagenhauf-ceramique.com\/en\/wp-json\/wp\/v2\/types\/page"}],"author":[{"embeddable":true,"href":"https:\/\/schlagenhauf-ceramique.com\/en\/wp-json\/wp\/v2\/users\/3"}],"replies":[{"embeddable":true,"href":"https:\/\/schlagenhauf-ceramique.com\/en\/wp-json\/wp\/v2\/comments?post=1703"}],"version-history":[{"count":94,"href":"https:\/\/schlagenhauf-ceramique.com\/en\/wp-json\/wp\/v2\/pages\/1703\/revisions"}],"predecessor-version":[{"id":3071,"href":"https:\/\/schlagenhauf-ceramique.com\/en\/wp-json\/wp\/v2\/pages\/1703\/revisions\/3071"}],"wp:attachment":[{"href":"https:\/\/schlagenhauf-ceramique.com\/en\/wp-json\/wp\/v2\/media?parent=1703"}],"curies":[{"name":"wp","href":"https:\/\/api.w.org\/{rel}","templated":true}]}}