{"id":1705,"date":"2017-08-27T08:51:23","date_gmt":"2017-08-27T06:51:23","guid":{"rendered":"http:\/\/schlagenhauf-ceramique.com\/?page_id=1705"},"modified":"2020-03-07T16:50:17","modified_gmt":"2020-03-07T15:50:17","slug":"contact","status":"publish","type":"page","link":"https:\/\/schlagenhauf-ceramique.com\/en\/contact\/","title":{"rendered":"Contact"},"content":{"rendered":"<section class=\"fw-main-row \"  >\n\t<div class=\"fw-container\">\n\t\t<div class=\"fw-row\">\n\t<div class=\"fw-col-xs-12 fw-col-sm-6\">\n\t<p>Daniela SCHLAGENHAUF - C\u00e9ramiste<\/p><p>Escoufoueyre - 15140 Sainte Eulalie, France<\/p><p>T\u00e9l\u00e9phone: +33 (0)4-71-69-29-74<\/p><p>Email: d.schlagenhauf_AT_wanadoo.fr (remplacer \"_AT_\" par @)<\/p><p><strong>VISITE DE L'ESPACE D'EXPOSITION toute l'ann\u00e9e sur RDV au 04 71 69 29 74 ou par email<\/strong><\/p><p>A 120 km au Sud de Clermont-Ferrand, 35 km d'Aurillac, 20 km de Mauriac et 15 km de Salers<\/p><\/div>\n<div class=\"fw-col-xs-12 fw-col-sm-6\">\n\t<div class=\"fw-map\" data-locations=\"[{&quot;title&quot;:&quot;&quot;,&quot;url&quot;:&quot;&quot;,&quot;thumb&quot;:false,&quot;coordinates&quot;:{&quot;lat&quot;:45.11611,&quot;lng&quot;:2.368011000000024},&quot;description&quot;:&quot;&quot;}]\" data-map-type=\"ROADMAP\" data-map-height=\"\" data-gmap-key=\"AIzaSyBE2hlsgSjN9gEOgK69lxonK3LbfraQyVM\" data-disable-scrolling=\"\" >\n\t<div class=\"fw-map-canvas\"><\/div>\n<\/div><\/div>\n<\/div>\n\n\t<\/div>\n<\/section>\n\n","protected":false},"excerpt":{"rendered":"<p>Daniela SCHLAGENHAUF &#8211; C\u00e9ramisteEscoufoueyre &#8211; 15140 Sainte Eulalie, FranceT\u00e9l\u00e9phone: +33 (0)4-71-69-29-74Email: d.schlagenhauf_AT_wanadoo.fr (remplacer \u00ab\u00a0_AT_\u00a0\u00bb par @)VISITE DE L&rsquo;ESPACE D&rsquo;EXPOSITION toute l&rsquo;ann\u00e9e sur RDV au 04 71 69 29 74 ou par emailA 120 km au Sud de Clermont-Ferrand, 35 km d&rsquo;Aurillac, 20 km de Mauriac et 15 km de Salers<\/p>","protected":false},"author":3,"featured_media":0,"parent":0,"menu_order":0,"comment_status":"closed","ping_status":"closed","template":"","meta":[],"brizy_media":[],"_links":{"self":[{"href":"https:\/\/schlagenhauf-ceramique.com\/en\/wp-json\/wp\/v2\/pages\/1705"}],"collection":[{"href":"https:\/\/schlagenhauf-ceramique.com\/en\/wp-json\/wp\/v2\/pages"}],"about":[{"href":"https:\/\/schlagenhauf-ceramique.com\/en\/wp-json\/wp\/v2\/types\/page"}],"author":[{"embeddable":true,"href":"https:\/\/schlagenhauf-ceramique.com\/en\/wp-json\/wp\/v2\/users\/3"}],"replies":[{"embeddable":true,"href":"https:\/\/schlagenhauf-ceramique.com\/en\/wp-json\/wp\/v2\/comments?post=1705"}],"version-history":[{"count":4,"href":"https:\/\/schlagenhauf-ceramique.com\/en\/wp-json\/wp\/v2\/pages\/1705\/revisions"}],"predecessor-version":[{"id":3040,"href":"https:\/\/schlagenhauf-ceramique.com\/en\/wp-json\/wp\/v2\/pages\/1705\/revisions\/3040"}],"wp:attachment":[{"href":"https:\/\/schlagenhauf-ceramique.com\/en\/wp-json\/wp\/v2\/media?parent=1705"}],"curies":[{"name":"wp","href":"https:\/\/api.w.org\/{rel}","templated":true}]}}